{"id":2320,"date":"2019-06-27T10:02:24","date_gmt":"2019-06-27T10:02:24","guid":{"rendered":"https:\/\/mariannesiig.com\/?page_id=2320"},"modified":"2020-12-14T14:57:56","modified_gmt":"2020-12-14T14:57:56","slug":"services","status":"publish","type":"page","link":"https:\/\/mariannesiig.com\/da\/services\/","title":{"rendered":"Services"},"content":{"rendered":"<div data-elementor-type=\"wp-post\" data-elementor-id=\"2320\" class=\"elementor elementor-2320\" data-elementor-settings=\"[]\">\n\t\t\t\t\t\t<div class=\"elementor-inner\">\n\t\t\t\t\t\t\t<div class=\"elementor-section-wrap\">\n\t\t\t\t\t\t\t<section class=\"elementor-section elementor-top-section elementor-element elementor-element-fc422fd elementor-section-boxed elementor-section-height-default elementor-section-height-default\" data-id=\"fc422fd\" data-element_type=\"section\">\n\t\t\t\t\t\t<div class=\"elementor-container elementor-column-gap-default\">\n\t\t\t\t\t\t\t<div class=\"elementor-row\">\n\t\t\t\t\t<div class=\"elementor-column elementor-col-100 elementor-top-column elementor-element elementor-element-f77e5bf\" data-id=\"f77e5bf\" data-element_type=\"column\">\n\t\t\t<div class=\"elementor-column-wrap elementor-element-populated\">\n\t\t\t\t\t\t\t<div class=\"elementor-widget-wrap\">\n\t\t\t\t\t\t<div class=\"elementor-element elementor-element-4e16028 elementor-widget elementor-widget-spacer\" data-id=\"4e16028\" data-element_type=\"widget\" data-widget_type=\"spacer.default\">\n\t\t\t\t<div class=\"elementor-widget-container\">\n\t\t\t\t\t<div class=\"elementor-spacer\">\n\t\t\t<div class=\"elementor-spacer-inner\"><\/div>\n\t\t<\/div>\n\t\t\t\t<\/div>\n\t\t\t\t<\/div>\n\t\t\t\t\t\t<\/div>\n\t\t\t\t\t<\/div>\n\t\t<\/div>\n\t\t\t\t\t\t\t\t<\/div>\n\t\t\t\t\t<\/div>\n\t\t<\/section>\n\t\t\t\t<section class=\"elementor-section elementor-top-section elementor-element elementor-element-a0244a7 elementor-section-boxed elementor-section-height-default elementor-section-height-default\" data-id=\"a0244a7\" data-element_type=\"section\">\n\t\t\t\t\t\t<div class=\"elementor-container elementor-column-gap-default\">\n\t\t\t\t\t\t\t<div class=\"elementor-row\">\n\t\t\t\t\t<div class=\"elementor-column elementor-col-100 elementor-top-column elementor-element elementor-element-fa1ae31\" data-id=\"fa1ae31\" data-element_type=\"column\">\n\t\t\t<div class=\"elementor-column-wrap elementor-element-populated\">\n\t\t\t\t\t\t\t<div class=\"elementor-widget-wrap\">\n\t\t\t\t\t\t<div class=\"elementor-element elementor-element-7458885 elementor-widget elementor-widget-spacer\" data-id=\"7458885\" data-element_type=\"widget\" data-widget_type=\"spacer.default\">\n\t\t\t\t<div class=\"elementor-widget-container\">\n\t\t\t\t\t<div class=\"elementor-spacer\">\n\t\t\t<div class=\"elementor-spacer-inner\"><\/div>\n\t\t<\/div>\n\t\t\t\t<\/div>\n\t\t\t\t<\/div>\n\t\t\t\t\t\t<\/div>\n\t\t\t\t\t<\/div>\n\t\t<\/div>\n\t\t\t\t\t\t\t\t<\/div>\n\t\t\t\t\t<\/div>\n\t\t<\/section>\n\t\t\t\t<section class=\"elementor-section elementor-top-section elementor-element elementor-element-c7aa3a7 elementor-section-boxed elementor-section-height-default elementor-section-height-default\" data-id=\"c7aa3a7\" data-element_type=\"section\" data-settings=\"{&quot;background_background&quot;:&quot;classic&quot;}\">\n\t\t\t\t\t\t<div class=\"elementor-container elementor-column-gap-default\">\n\t\t\t\t\t\t\t<div class=\"elementor-row\">\n\t\t\t\t\t<div class=\"elementor-column elementor-col-50 elementor-top-column elementor-element elementor-element-97cbb63\" data-id=\"97cbb63\" data-element_type=\"column\">\n\t\t\t<div class=\"elementor-column-wrap elementor-element-populated\">\n\t\t\t\t\t\t\t<div class=\"elementor-widget-wrap\">\n\t\t\t\t\t\t<div class=\"elementor-element elementor-element-2b4b035 elementor-invisible elementor-widget elementor-widget-heading\" data-id=\"2b4b035\" data-element_type=\"widget\" data-settings=\"{&quot;_animation&quot;:&quot;fadeInLeft&quot;,&quot;_animation_delay&quot;:200}\" data-widget_type=\"heading.default\">\n\t\t\t\t<div class=\"elementor-widget-container\">\n\t\t\t<h1 class=\"elementor-heading-title elementor-size-default\">Services<\/h1>\t\t<\/div>\n\t\t\t\t<\/div>\n\t\t\t\t<div class=\"elementor-element elementor-element-757c57e elementor-widget elementor-widget-spacer\" data-id=\"757c57e\" data-element_type=\"widget\" data-widget_type=\"spacer.default\">\n\t\t\t\t<div class=\"elementor-widget-container\">\n\t\t\t\t\t<div class=\"elementor-spacer\">\n\t\t\t<div class=\"elementor-spacer-inner\"><\/div>\n\t\t<\/div>\n\t\t\t\t<\/div>\n\t\t\t\t<\/div>\n\t\t\t\t<div class=\"elementor-element elementor-element-335cf82 elementor-invisible elementor-widget elementor-widget-image\" data-id=\"335cf82\" data-element_type=\"widget\" data-settings=\"{&quot;_animation&quot;:&quot;fadeInLeft&quot;}\" data-widget_type=\"image.default\">\n\t\t\t\t<div class=\"elementor-widget-container\">\n\t\t\t\t\t\t\t\t<div class=\"elementor-image\">\n\t\t\t\t\t\t\t\t\t\t\t\t<img loading=\"lazy\" decoding=\"async\" width=\"750\" height=\"496\" src=\"https:\/\/mariannesiig.com\/wp-content\/uploads\/2020\/08\/marianne-siig-services2.jpg\" class=\"attachment-full size-full\" alt=\"Graphic recording of a talk by Marianne Siig\" srcset=\"https:\/\/mariannesiig.com\/wp-content\/uploads\/2020\/08\/marianne-siig-services2.jpg 750w, https:\/\/mariannesiig.com\/wp-content\/uploads\/2020\/08\/marianne-siig-services2-600x397.jpg 600w, https:\/\/mariannesiig.com\/wp-content\/uploads\/2020\/08\/marianne-siig-services2-300x198.jpg 300w\" sizes=\"auto, (max-width: 750px) 100vw, 750px\" \/>\t\t\t\t\t\t\t\t\t\t\t\t\t\t<\/div>\n\t\t\t\t\t\t<\/div>\n\t\t\t\t<\/div>\n\t\t\t\t\t\t<\/div>\n\t\t\t\t\t<\/div>\n\t\t<\/div>\n\t\t\t\t<div class=\"elementor-column elementor-col-50 elementor-top-column elementor-element elementor-element-a722351 full-width-image\" data-id=\"a722351\" data-element_type=\"column\">\n\t\t\t<div class=\"elementor-column-wrap elementor-element-populated\">\n\t\t\t\t\t\t\t<div class=\"elementor-widget-wrap\">\n\t\t\t\t\t\t<div class=\"elementor-element elementor-element-c0cafd2 elementor-widget elementor-widget-spacer\" data-id=\"c0cafd2\" data-element_type=\"widget\" data-widget_type=\"spacer.default\">\n\t\t\t\t<div class=\"elementor-widget-container\">\n\t\t\t\t\t<div class=\"elementor-spacer\">\n\t\t\t<div class=\"elementor-spacer-inner\"><\/div>\n\t\t<\/div>\n\t\t\t\t<\/div>\n\t\t\t\t<\/div>\n\t\t\t\t<div class=\"elementor-element elementor-element-bb677d5 elementor-widget elementor-widget-spacer\" data-id=\"bb677d5\" data-element_type=\"widget\" data-widget_type=\"spacer.default\">\n\t\t\t\t<div class=\"elementor-widget-container\">\n\t\t\t\t\t<div class=\"elementor-spacer\">\n\t\t\t<div class=\"elementor-spacer-inner\"><\/div>\n\t\t<\/div>\n\t\t\t\t<\/div>\n\t\t\t\t<\/div>\n\t\t\t\t<div class=\"elementor-element elementor-element-b65fc3d elementor-widget__width-initial elementor-invisible elementor-widget elementor-widget-text-editor\" data-id=\"b65fc3d\" data-element_type=\"widget\" data-settings=\"{&quot;_animation&quot;:&quot;slideInUp&quot;}\" data-widget_type=\"text-editor.default\">\n\t\t\t\t<div class=\"elementor-widget-container\">\n\t\t\t\t\t\t\t\t<div class=\"elementor-text-editor elementor-clearfix\">\n\t\t\t\t\t<p>Marianne har igennem mere end 20 \u00e5r specialiseret i strategisk ledelses-, team- og organisationsudvikling og er desuden ekspert i ligestilling, mangfoldighed og inklusion, og tager altid udgangspunkt i jeres virksomhed, med respekt for hvor I kommer fra, hvem I er, og hvor I \u00f8nsker at komme hen. Vi p\u00e5tager os alle st\u00f8rrelser projekter, fra enkeltst\u00e5ende workshops og \u00e9n-til-\u00e9n-m\u00f8der med strategisk sparring til end-to-end strategiudvikling og -implementering.<\/p><p>\u201cJeg fokuserer p\u00e5, at co-create og drive forandring fra en holistisk og systemisk forst\u00e5else af udvikling gennem et 3-dimensionelt mindset, hvor jeg s\u00e6tter h\u00f8je standarder for individuelle, team- og organisationsniveauer.\"<\/p>\t\t\t\t\t<\/div>\n\t\t\t\t\t\t<\/div>\n\t\t\t\t<\/div>\n\t\t\t\t\t\t<\/div>\n\t\t\t\t\t<\/div>\n\t\t<\/div>\n\t\t\t\t\t\t\t\t<\/div>\n\t\t\t\t\t<\/div>\n\t\t<\/section>\n\t\t\t\t<section class=\"elementor-section elementor-top-section elementor-element elementor-element-83431d2 elementor-section-stretched elementor-section-boxed elementor-section-height-default elementor-section-height-default\" data-id=\"83431d2\" data-element_type=\"section\" data-settings=\"{&quot;stretch_section&quot;:&quot;section-stretched&quot;}\">\n\t\t\t\t\t\t<div class=\"elementor-container elementor-column-gap-default\">\n\t\t\t\t\t\t\t<div class=\"elementor-row\">\n\t\t\t\t\t<div class=\"elementor-column elementor-col-33 elementor-top-column elementor-element elementor-element-167e06f\" data-id=\"167e06f\" data-element_type=\"column\">\n\t\t\t<div class=\"elementor-column-wrap elementor-element-populated\">\n\t\t\t\t\t\t\t<div class=\"elementor-widget-wrap\">\n\t\t\t\t\t\t<div class=\"elementor-element elementor-element-7ed0a3d elementor-widget elementor-widget-image\" data-id=\"7ed0a3d\" data-element_type=\"widget\" data-widget_type=\"image.default\">\n\t\t\t\t<div class=\"elementor-widget-container\">\n\t\t\t\t\t\t\t\t<div class=\"elementor-image\">\n\t\t\t\t\t\t\t\t\t\t\t\t<img loading=\"lazy\" decoding=\"async\" width=\"600\" height=\"600\" src=\"https:\/\/mariannesiig.com\/wp-content\/uploads\/2020\/07\/marianne-siig-services.png\" class=\"attachment-full size-full\" alt=\"Services Venn diagram - Marianne Siig\" srcset=\"https:\/\/mariannesiig.com\/wp-content\/uploads\/2020\/07\/marianne-siig-services.png 600w, https:\/\/mariannesiig.com\/wp-content\/uploads\/2020\/07\/marianne-siig-services-300x300.png 300w\" sizes=\"auto, (max-width: 600px) 100vw, 600px\" \/>\t\t\t\t\t\t\t\t\t\t\t\t\t\t<\/div>\n\t\t\t\t\t\t<\/div>\n\t\t\t\t<\/div>\n\t\t\t\t\t\t<\/div>\n\t\t\t\t\t<\/div>\n\t\t<\/div>\n\t\t\t\t<div class=\"elementor-column elementor-col-33 elementor-top-column elementor-element elementor-element-c30a035\" data-id=\"c30a035\" data-element_type=\"column\">\n\t\t\t<div class=\"elementor-column-wrap\">\n\t\t\t\t\t\t\t<div class=\"elementor-widget-wrap\">\n\t\t\t\t\t\t\t\t<\/div>\n\t\t\t\t\t<\/div>\n\t\t<\/div>\n\t\t\t\t<div class=\"elementor-column elementor-col-33 elementor-top-column elementor-element elementor-element-555809d\" data-id=\"555809d\" data-element_type=\"column\" data-settings=\"{&quot;background_background&quot;:&quot;classic&quot;}\">\n\t\t\t<div class=\"elementor-column-wrap elementor-element-populated\">\n\t\t\t\t\t\t\t<div class=\"elementor-widget-wrap\">\n\t\t\t\t\t\t<div class=\"elementor-element elementor-element-4f8b8bb elementor-widget elementor-widget-heading\" data-id=\"4f8b8bb\" data-element_type=\"widget\" data-widget_type=\"heading.default\">\n\t\t\t\t<div class=\"elementor-widget-container\">\n\t\t\t<h4 class=\"elementor-heading-title elementor-size-default\">Det tredimensionelle mindset<\/h4>\t\t<\/div>\n\t\t\t\t<\/div>\n\t\t\t\t<div class=\"elementor-element elementor-element-6f35e99 animated-slow elementor-invisible elementor-widget elementor-widget-text-editor\" data-id=\"6f35e99\" data-element_type=\"widget\" data-settings=\"{&quot;_animation&quot;:&quot;fadeInRight&quot;}\" data-widget_type=\"text-editor.default\">\n\t\t\t\t<div class=\"elementor-widget-container\">\n\t\t\t\t\t\t\t\t<div class=\"elementor-text-editor elementor-clearfix\">\n\t\t\t\t\t<p><strong>Personal Mastery<\/strong> \u2013&nbsp;<span style=\"color:#181b31; letter-spacing: 0px; white-space: pre-wrap;\">muligheden for alle til at trives og udfolder deres fulde potentiale, v\u00e6rdsat for deres unikke bidrag<\/span><\/p>\t\t\t\t\t<\/div>\n\t\t\t\t\t\t<\/div>\n\t\t\t\t<\/div>\n\t\t\t\t<div class=\"elementor-element elementor-element-d7a4b39 animated-slow elementor-invisible elementor-widget elementor-widget-text-editor\" data-id=\"d7a4b39\" data-element_type=\"widget\" data-settings=\"{&quot;_animation&quot;:&quot;fadeInRight&quot;}\" data-widget_type=\"text-editor.default\">\n\t\t\t\t<div class=\"elementor-widget-container\">\n\t\t\t\t\t\t\t\t<div class=\"elementor-text-editor elementor-clearfix\">\n\t\t\t\t\t<p><strong>Team Excellence<\/strong> \u2013 <span style=\"color:#181b31; letter-spacing: 0px; white-space: pre-wrap;\">the ability for all to be in supportive, high-performing teams<\/span><\/p>\t\t\t\t\t<\/div>\n\t\t\t\t\t\t<\/div>\n\t\t\t\t<\/div>\n\t\t\t\t<div class=\"elementor-element elementor-element-1ac20f8 animated-slow elementor-invisible elementor-widget elementor-widget-text-editor\" data-id=\"1ac20f8\" data-element_type=\"widget\" data-settings=\"{&quot;_animation&quot;:&quot;fadeInRight&quot;}\" data-widget_type=\"text-editor.default\">\n\t\t\t\t<div class=\"elementor-widget-container\">\n\t\t\t\t\t\t\t\t<div class=\"elementor-text-editor elementor-clearfix\">\n\t\t\t\t\t<p><strong>Community Spirit<\/strong>&nbsp;\u2013 <span style=\"color:#181b31; letter-spacing: 0px; white-space: pre-wrap;\">the ability to make a difference and for all to feel part of something bigger and meaningful<\/span><\/p>\t\t\t\t\t<\/div>\n\t\t\t\t\t\t<\/div>\n\t\t\t\t<\/div>\n\t\t\t\t\t\t<\/div>\n\t\t\t\t\t<\/div>\n\t\t<\/div>\n\t\t\t\t\t\t\t\t<\/div>\n\t\t\t\t\t<\/div>\n\t\t<\/section>\n\t\t\t\t<section class=\"elementor-section elementor-top-section elementor-element elementor-element-4186599 elementor-section-boxed elementor-section-height-default elementor-section-height-default\" data-id=\"4186599\" data-element_type=\"section\" data-settings=\"{&quot;background_background&quot;:&quot;classic&quot;}\">\n\t\t\t\t\t\t<div class=\"elementor-container elementor-column-gap-default\">\n\t\t\t\t\t\t\t<div class=\"elementor-row\">\n\t\t\t\t\t<div class=\"elementor-column elementor-col-100 elementor-top-column elementor-element elementor-element-fc5703f elementor-invisible\" data-id=\"fc5703f\" data-element_type=\"column\" data-settings=\"{&quot;animation&quot;:&quot;fadeInUp&quot;}\">\n\t\t\t<div class=\"elementor-column-wrap elementor-element-populated\">\n\t\t\t\t\t\t\t<div class=\"elementor-widget-wrap\">\n\t\t\t\t\t\t<div class=\"elementor-element elementor-element-a761468 elementor-widget elementor-widget-heading\" data-id=\"a761468\" data-element_type=\"widget\" data-widget_type=\"heading.default\">\n\t\t\t\t<div class=\"elementor-widget-container\">\n\t\t\t<h2 class=\"elementor-heading-title elementor-size-default\">Eksempler p\u00e5 services<\/h2>\t\t<\/div>\n\t\t\t\t<\/div>\n\t\t\t\t<div class=\"elementor-element elementor-element-ae103e9 elementor-widget elementor-widget-radiant-list\" data-id=\"ae103e9\" data-element_type=\"widget\" data-widget_type=\"radiant-list.default\">\n\t\t\t\t<div class=\"elementor-widget-container\">\n\t\t\t\r<!-- list -->\r<div class=\"radiantthemes-list rt962262677 element-seven\" ><ul><li>Strategisk HR<u><\/u>\u00a0<u><\/u><\/li><li>Ledelses- og organisationsudvikling<u><\/u>\u00a0<u><\/u><\/li><li>Healthy, high-performing teams<u><\/u>\u00a0<u><\/u><\/li><li><span lang=\"DA\">Mangfoldigheds- og inklusionsstrategiudvikling<\/span><u><\/u>\u00a0<u><\/u><\/li><li>Forst\u00e5 D&amp;I-udfordringerne i en virksomheds- og organisatorisk kontekst<u><\/u>\u00a0<u><\/u><\/li><li>Forst\u00e5 fordele og muligheder ved D&amp;I (mangfoldighed og inklusion)<\/li><li><span lang=\"DA\">Tr\u00e6ning Unconscious Bias awareness<\/span><u><\/u>\u00a0<u><\/u><\/li><li><span lang=\"DA\">Tr\u00e6ning i Inkluderende Ledelse<\/span><u><\/u>\u00a0<u><\/u><\/li><li>D&amp;I service check af nuv\u00e6rende n\u00f8gle HR-processer<u><\/u>\u00a0<u><\/u><\/li><li>D&amp;I kompetenceudvikling af HR centres of excellence \/ procesejere<u><\/u>\u00a0<u><\/u><\/li><li>Co-create inklusionsunders\u00f8gelse (baseret p\u00e5 eksisterende medarbejderunders\u00f8gelser)<u><\/u>\u00a0<u><\/u><\/li><li>Co-facilitering af Employee Resource Groups\u00a0<span lang=\"EN-GB\">Resource<\/span> Groups\u00a0<\/li><\/ul><\/div>\r<!-- list -->\r\t\t<\/div>\n\t\t\t\t<\/div>\n\t\t\t\t\t\t<\/div>\n\t\t\t\t\t<\/div>\n\t\t<\/div>\n\t\t\t\t\t\t\t\t<\/div>\n\t\t\t\t\t<\/div>\n\t\t<\/section>\n\t\t\t\t<section class=\"elementor-section elementor-top-section elementor-element elementor-element-6da2ba3 elementor-section-boxed elementor-section-height-default elementor-section-height-default\" data-id=\"6da2ba3\" data-element_type=\"section\" id=\"banner-ad-style\">\n\t\t\t\t\t\t<div class=\"elementor-container elementor-column-gap-default\">\n\t\t\t\t\t\t\t<div class=\"elementor-row\">\n\t\t\t\t\t<div class=\"elementor-column elementor-col-100 elementor-top-column elementor-element elementor-element-89bcee1\" data-id=\"89bcee1\" data-element_type=\"column\">\n\t\t\t<div class=\"elementor-column-wrap elementor-element-populated\">\n\t\t\t\t\t\t\t<div class=\"elementor-widget-wrap\">\n\t\t\t\t\t\t<div class=\"elementor-element elementor-element-9c5768f elementor-widget elementor-widget-radiant-calltoaction\" data-id=\"9c5768f\" data-element_type=\"widget\" data-widget_type=\"radiant-calltoaction.default\">\n\t\t\t\t<div class=\"elementor-widget-container\">\n\t\t\t<div class=\"rt-call-to-action-wraper element-one\"  ><div class=\"rt-call-to-action-wraper-overlay\"><\/div><div class=\"row rt-call-to-action\"><div class=\"col-lg-8 col-md-7 col-sm-7 col-xs-12\"><div class=\"rt-call-to-action-item matchHeight text-left\"><div class=\"table\"><div class=\"table-cell\"><h3>Den 1. juni, 2020, tiltr\u00e5dte Marianne stillingen som administrerende direkt\u00f8r for Mannaz A\/S. Derfor vil alle opgaver bliver leveret gennem Mannaz.<\/h3><\/div><\/div><\/div><\/div><div class=\"col-lg-4 col-md-5 col-sm-5 col-xs-12\"><div class=\"rt-call-to-action-item matchHeight text-center\" style=\"background-color:#F6F0F1;\"><div class=\"table\"><div class=\"table-cell\"><h4> <\/h4><a class=\"btn\" href=\"https:\/\/www.mannaz.com\/\" target=\"_blank\" rel=\"nofollow\">G\u00e5 til mannaz.com<\/a><\/div><\/div><\/div><\/div><\/div><\/div>\t\t<\/div>\n\t\t\t\t<\/div>\n\t\t\t\t\t\t<\/div>\n\t\t\t\t\t<\/div>\n\t\t<\/div>\n\t\t\t\t\t\t\t\t<\/div>\n\t\t\t\t\t<\/div>\n\t\t<\/section>\n\t\t\t\t<section class=\"elementor-section elementor-top-section elementor-element elementor-element-75f0c38 elementor-section-boxed elementor-section-height-default elementor-section-height-default\" data-id=\"75f0c38\" data-element_type=\"section\">\n\t\t\t\t\t\t<div class=\"elementor-container elementor-column-gap-default\">\n\t\t\t\t\t\t\t<div class=\"elementor-row\">\n\t\t\t\t\t<div class=\"elementor-column elementor-col-100 elementor-top-column elementor-element elementor-element-bfa7156\" data-id=\"bfa7156\" data-element_type=\"column\">\n\t\t\t<div class=\"elementor-column-wrap elementor-element-populated\">\n\t\t\t\t\t\t\t<div class=\"elementor-widget-wrap\">\n\t\t\t\t\t\t<div class=\"elementor-element elementor-element-7fe9c56 elementor-widget elementor-widget-spacer\" data-id=\"7fe9c56\" data-element_type=\"widget\" data-widget_type=\"spacer.default\">\n\t\t\t\t<div class=\"elementor-widget-container\">\n\t\t\t\t\t<div class=\"elementor-spacer\">\n\t\t\t<div class=\"elementor-spacer-inner\"><\/div>\n\t\t<\/div>\n\t\t\t\t<\/div>\n\t\t\t\t<\/div>\n\t\t\t\t\t\t<\/div>\n\t\t\t\t\t<\/div>\n\t\t<\/div>\n\t\t\t\t\t\t\t\t<\/div>\n\t\t\t\t\t<\/div>\n\t\t<\/section>\n\t\t\t\t<section class=\"elementor-section elementor-top-section elementor-element elementor-element-8290439 elementor-section-boxed elementor-section-height-default elementor-section-height-default\" data-id=\"8290439\" data-element_type=\"section\">\n\t\t\t\t\t\t<div class=\"elementor-container elementor-column-gap-default\">\n\t\t\t\t\t\t\t<div class=\"elementor-row\">\n\t\t\t\t\t<div class=\"elementor-column elementor-col-50 elementor-top-column elementor-element elementor-element-79b43cd\" data-id=\"79b43cd\" data-element_type=\"column\">\n\t\t\t<div class=\"elementor-column-wrap elementor-element-populated\">\n\t\t\t\t\t\t\t<div class=\"elementor-widget-wrap\">\n\t\t\t\t\t\t<div class=\"elementor-element elementor-element-0672e5f elementor-invisible elementor-widget elementor-widget-radiant-testimonial\" data-id=\"0672e5f\" data-element_type=\"widget\" data-settings=\"{&quot;_animation&quot;:&quot;fadeIn&quot;}\" data-widget_type=\"radiant-testimonial.default\">\n\t\t\t\t<div class=\"elementor-widget-container\">\n\t\t\t<div class=\"element-six  testimonial\"  data-row-items=\"1\"><div data-thumb=\"<img src='https:\/\/mariannesiig.com\/wp-content\/plugins\/radiantthemes-addons\/assets\/images\/No-Thumbnail.jpg' alt='Thumbnail Image'>\" class=\"testimonial-item no-image\"><div class=\"holder\"><div class=\"testimonial-data\"><blockquote><p>\"Marianne was incredibly inspiring partner in putting the webinar together. She contributed with great experience and expertise on creating organisational change, and managed to be motivating in presenting the business case for diversity and to pin point the particular challenges pertinent to the STEM fields.as delivered with insightfulness, dedication and professionalism.\"<\/p><\/blockquote><\/div><div class=\"testimonial-title\"><div class=\"testimonial-title-pic\" style=\"background-image:url();\"><\/div><div class=\"testimonial-title-data\"><h4 class=\"title\">Technical Faculty at University of Southern Denmark<\/h4><p class=\"designation\">TEK<\/p><\/div><\/div><\/div><\/div><\/div>\t\t\t\t<\/div>\n\t\t\t\t<\/div>\n\t\t\t\t\t\t<\/div>\n\t\t\t\t\t<\/div>\n\t\t<\/div>\n\t\t\t\t<div class=\"elementor-column elementor-col-50 elementor-top-column elementor-element elementor-element-cc98a56\" data-id=\"cc98a56\" data-element_type=\"column\">\n\t\t\t<div class=\"elementor-column-wrap elementor-element-populated\">\n\t\t\t\t\t\t\t<div class=\"elementor-widget-wrap\">\n\t\t\t\t\t\t<div class=\"elementor-element elementor-element-7997e36 elementor-invisible elementor-widget elementor-widget-radiant-testimonial\" data-id=\"7997e36\" data-element_type=\"widget\" data-settings=\"{&quot;_animation&quot;:&quot;fadeIn&quot;}\" data-widget_type=\"radiant-testimonial.default\">\n\t\t\t\t<div class=\"elementor-widget-container\">\n\t\t\t<div class=\"element-six  testimonial\"  data-row-items=\"1\"><div data-thumb=\"<img src='https:\/\/mariannesiig.com\/wp-content\/plugins\/radiantthemes-addons\/assets\/images\/No-Thumbnail.jpg' alt='Thumbnail Image'>\" class=\"testimonial-item no-image\"><div class=\"holder\"><div class=\"testimonial-data\"><blockquote><p>\"Marianne has a unique talent for sensing and picking up on the newest trends within leadership, diversity, and inclusion. She easily turns her sensing into concrete concepts and actions, focusing on how to serve the organization, corporate business and the greater good in society.\"<\/p><\/blockquote><\/div><div class=\"testimonial-title\"><div class=\"testimonial-title-pic\" style=\"background-image:url();\"><\/div><div class=\"testimonial-title-data\"><h4 class=\"title\">Dorte Palmvang<\/h4><p class=\"designation\">Head of Culture, Nordea Wholesale Banking<\/p><\/div><\/div><\/div><\/div><\/div>\t\t\t\t<\/div>\n\t\t\t\t<\/div>\n\t\t\t\t\t\t<\/div>\n\t\t\t\t\t<\/div>\n\t\t<\/div>\n\t\t\t\t\t\t\t\t<\/div>\n\t\t\t\t\t<\/div>\n\t\t<\/section>\n\t\t\t\t<section class=\"elementor-section elementor-top-section elementor-element elementor-element-94a600a elementor-section-boxed elementor-section-height-default elementor-section-height-default\" data-id=\"94a600a\" data-element_type=\"section\">\n\t\t\t\t\t\t<div class=\"elementor-container elementor-column-gap-default\">\n\t\t\t\t\t\t\t<div class=\"elementor-row\">\n\t\t\t\t\t<div class=\"elementor-column elementor-col-100 elementor-top-column elementor-element elementor-element-c027665\" data-id=\"c027665\" data-element_type=\"column\">\n\t\t\t<div class=\"elementor-column-wrap elementor-element-populated\">\n\t\t\t\t\t\t\t<div class=\"elementor-widget-wrap\">\n\t\t\t\t\t\t<div class=\"elementor-element elementor-element-c650a52 elementor-widget elementor-widget-spacer\" data-id=\"c650a52\" data-element_type=\"widget\" data-widget_type=\"spacer.default\">\n\t\t\t\t<div class=\"elementor-widget-container\">\n\t\t\t\t\t<div class=\"elementor-spacer\">\n\t\t\t<div class=\"elementor-spacer-inner\"><\/div>\n\t\t<\/div>\n\t\t\t\t<\/div>\n\t\t\t\t<\/div>\n\t\t\t\t\t\t<\/div>\n\t\t\t\t\t<\/div>\n\t\t<\/div>\n\t\t\t\t\t\t\t\t<\/div>\n\t\t\t\t\t<\/div>\n\t\t<\/section>\n\t\t\t\t\t\t<\/div>\n\t\t\t\t\t\t<\/div>\n\t\t\t\t\t<\/div>","protected":false},"excerpt":{"rendered":"<p>Services Through more than 20 years, Marianne has specialized in strategic leadership, team and organizational development, furthermore, she is an expert in gender equality, diversity and inclusion and always takes the point of departure in your organization\u2019s history, who you are and where you wish to go. We take on projects in all sizes, from [&hellip;]<\/p>\n","protected":false},"author":1,"featured_media":0,"parent":0,"menu_order":0,"comment_status":"closed","ping_status":"closed","template":"elementor_header_footer","meta":{"footnotes":""},"class_list":["post-2320","page","type-page","status-publish","hentry"],"_links":{"self":[{"href":"https:\/\/mariannesiig.com\/da\/wp-json\/wp\/v2\/pages\/2320","targetHints":{"allow":["GET"]}}],"collection":[{"href":"https:\/\/mariannesiig.com\/da\/wp-json\/wp\/v2\/pages"}],"about":[{"href":"https:\/\/mariannesiig.com\/da\/wp-json\/wp\/v2\/types\/page"}],"author":[{"embeddable":true,"href":"https:\/\/mariannesiig.com\/da\/wp-json\/wp\/v2\/users\/1"}],"replies":[{"embeddable":true,"href":"https:\/\/mariannesiig.com\/da\/wp-json\/wp\/v2\/comments?post=2320"}],"version-history":[{"count":195,"href":"https:\/\/mariannesiig.com\/da\/wp-json\/wp\/v2\/pages\/2320\/revisions"}],"predecessor-version":[{"id":13182,"href":"https:\/\/mariannesiig.com\/da\/wp-json\/wp\/v2\/pages\/2320\/revisions\/13182"}],"wp:attachment":[{"href":"https:\/\/mariannesiig.com\/da\/wp-json\/wp\/v2\/media?parent=2320"}],"curies":[{"name":"wp","href":"https:\/\/api.w.org\/{rel}","templated":true}]}}